{"id":161,"date":"2017-05-07T12:39:09","date_gmt":"2017-05-07T10:39:09","guid":{"rendered":"http:\/\/adqcghyr.preview.infomaniak.website\/wordpress\/?page_id=161"},"modified":"2025-05-22T14:42:16","modified_gmt":"2025-05-22T12:42:16","slug":"organisation","status":"publish","type":"page","link":"https:\/\/dynamique-cadres.org\/wordpress\/qui-sommes-nous\/organisation\/","title":{"rendered":"Organisation"},"content":{"rendered":"<h2><strong>Les adh\u00e9rents<\/strong><\/h2>\n<p>Le succ\u00e8s de l\u2019association r\u00e9side dans l\u2019originalit\u00e9 de son concept : ce sont les adh\u00e9rents qui animent l\u2019association et assurent son fonctionnement gr\u00e2ce \u00e0 leur dynamisme.<\/p>\n<p>Dynamique Cadres propose aujourd\u2019hui\u00a0:<\/p>\n<ul>\n<li>9 Groupes d\u2019Accueil et de Dynamisation (GAD)<\/li>\n<li>8 Cercles de conversation en langues \u00e9trang\u00e8res<\/li>\n<li>8 Commissions qui permettent de s\u2019impliquer dans la vie de l\u2019association et d\u2019exercer ou de d\u00e9velopper ses comp\u00e9tences<\/li>\n<li>de nombreuses autres <a href=\"\/wordpress\/nos-activites\/\">activit\u00e9s<\/a>\u00a0: cercles sectoriels, ateliers, conf\u00e9rences, soir\u00e9es r\u00e9seau\u2026<\/li>\n<\/ul>\n<h2><strong>Le Conseil d\u2019Administration et son Bureau<\/strong><\/h2>\n<p>L\u2019association est dirig\u00e9e par son Conseil d\u2019Administration. C&rsquo;est l&rsquo;organe d\u00e9cisionnaire pour les orientations et actions \u00e0 mener. Il se r\u00e9unit tous les 2 mois ou plus souvent si n\u00e9cessaire.<\/p>\n<p>Le CA est compos\u00e9 de 10 administrateurs \u00e9lus parmi tous les adh\u00e9rents, qu&rsquo;ils soient en recherche de poste, en poste ou hors poste.<\/p>\n<p>Lors de l\u2019Assembl\u00e9e G\u00e9n\u00e9rale ordinaire annuelle, les adh\u00e9rents \u00e9lisent les membres du Conseil d\u2019Administration. Lors de sa premi\u00e8re r\u00e9union apr\u00e8s l&rsquo;AG, le nouveau CA \u00e9lit le Bureau de l\u2019association parmi les administrateurs.<\/p>\n<h2><strong>Les membres du Bureau<\/strong><\/h2>\n<p>Composition du Bureau de l\u2019association suite aux \u00e9lections de mars 2025:<\/p>\n<ul>\n<li>Dominique Durand \u2014 Pr\u00e9sident<\/li>\n<li>Olivier Baudin \u2014 Vice-pr\u00e9sident<\/li>\n<li>Olivier Leplaideur \u2014 Vice-pr\u00e9sident<\/li>\n<li>Val\u00e9rie Le Chaix \u2014 Tr\u00e9sori\u00e8re<\/li>\n<li>Patricia Couvreux\u2014 Secr\u00e9taire et Tr\u00e9sori\u00e8re adjointe<\/li>\n<li>Ir\u00e8ne Drayton \u2014 Secr\u00e9taire adjointe<\/li>\n<\/ul>\n<h2><strong>Le salari\u00e9<\/strong><\/h2>\n<p>Dynamique Cadres a un salari\u00e9 permanent\u00a0qui g\u00e8re la logistique des \u00e9v\u00e9nements.<\/p>\n<p>T\u00e9l\u00e9charger les <a href=\"\/wordpress\/wp-content\/uploads\/2017\/05\/statutreglement.pdf\">statuts de l\u2019association et le r\u00e8glement int\u00e9rieur<\/a>.<\/p>\n","protected":false},"excerpt":{"rendered":"<p>Les adh\u00e9rents Le succ\u00e8s de l\u2019association r\u00e9side dans l\u2019originalit\u00e9 de son concept : ce sont les adh\u00e9rents qui animent l\u2019association et assurent son fonctionnement gr\u00e2ce \u00e0 leur dynamisme. Dynamique Cadres propose aujourd\u2019hui\u00a0: 9 Groupes d\u2019Accueil et de Dynamisation (GAD) 8 Cercles de conversation en langues \u00e9trang\u00e8res 8 Commissions qui permettent de s\u2019impliquer dans la vie <a href=\"https:\/\/dynamique-cadres.org\/wordpress\/qui-sommes-nous\/organisation\/\" rel=\"nofollow\"><span class=\"sr-only\">En savoir plus surOrganisation<\/span>[&hellip;]<\/a><\/p>\n","protected":false},"author":1,"featured_media":0,"parent":142,"menu_order":0,"comment_status":"closed","ping_status":"closed","template":"","meta":{"_monsterinsights_skip_tracking":false,"_monsterinsights_sitenote_active":false,"_monsterinsights_sitenote_note":"","_monsterinsights_sitenote_category":0,"footnotes":""},"class_list":["post-161","page","type-page","status-publish","hentry"],"yoast_head":"<!-- This site is optimized with the Yoast SEO plugin v27.3 - https:\/\/yoast.com\/product\/yoast-seo-wordpress\/ -->\n<title>Organisation - Dynamique Cadres<\/title>\n<meta name=\"description\" content=\"L&#039;association faite par pour les cadres en transition professionnelle en les rendant proactifs au sein d&#039;une organisation stimulante bas\u00e9e sur le partage des apports de chacun.\" \/>\n<meta name=\"robots\" content=\"index, follow, max-snippet:-1, max-image-preview:large, max-video-preview:-1\" \/>\n<link rel=\"canonical\" href=\"https:\/\/dynamique-cadres.org\/wordpress\/qui-sommes-nous\/organisation\/\" \/>\n<meta property=\"og:locale\" content=\"fr_FR\" \/>\n<meta property=\"og:type\" content=\"article\" \/>\n<meta property=\"og:title\" content=\"Organisation - Dynamique Cadres\" \/>\n<meta property=\"og:description\" content=\"L&#039;association faite par pour les cadres en transition professionnelle en les rendant proactifs au sein d&#039;une organisation stimulante bas\u00e9e sur le partage des apports de chacun.\" \/>\n<meta property=\"og:url\" content=\"https:\/\/dynamique-cadres.org\/wordpress\/qui-sommes-nous\/organisation\/\" \/>\n<meta property=\"og:site_name\" content=\"Dynamique Cadres\" \/>\n<meta property=\"article:publisher\" content=\"https:\/\/www.facebook.com\/profile.php?id=100011741796467\" \/>\n<meta property=\"article:modified_time\" content=\"2025-05-22T12:42:16+00:00\" \/>\n<meta property=\"og:image\" content=\"https:\/\/adqcghyr.preview.infomaniak.website\/wordpress\/wp-content\/uploads\/2017\/04\/picto.png\" \/>\n\t<meta property=\"og:image:width\" content=\"601\" \/>\n\t<meta property=\"og:image:height\" content=\"579\" \/>\n\t<meta property=\"og:image:type\" content=\"image\/png\" \/>\n<meta name=\"twitter:card\" content=\"summary_large_image\" \/>\n<meta name=\"twitter:site\" content=\"@Dynamiquecadres\" \/>\n<meta name=\"twitter:label1\" content=\"Dur\u00e9e de lecture estim\u00e9e\" \/>\n\t<meta name=\"twitter:data1\" content=\"2 minutes\" \/>\n<script type=\"application\/ld+json\" class=\"yoast-schema-graph\">{\"@context\":\"https:\\\/\\\/schema.org\",\"@graph\":[{\"@type\":\"WebPage\",\"@id\":\"https:\\\/\\\/dynamique-cadres.org\\\/wordpress\\\/qui-sommes-nous\\\/organisation\\\/\",\"url\":\"https:\\\/\\\/dynamique-cadres.org\\\/wordpress\\\/qui-sommes-nous\\\/organisation\\\/\",\"name\":\"Organisation - Dynamique Cadres\",\"isPartOf\":{\"@id\":\"https:\\\/\\\/dynamique-cadres.org\\\/wordpress\\\/#website\"},\"datePublished\":\"2017-05-07T10:39:09+00:00\",\"dateModified\":\"2025-05-22T12:42:16+00:00\",\"description\":\"L'association faite par pour les cadres en transition professionnelle en les rendant proactifs au sein d'une organisation stimulante bas\u00e9e sur le partage des apports de chacun.\",\"breadcrumb\":{\"@id\":\"https:\\\/\\\/dynamique-cadres.org\\\/wordpress\\\/qui-sommes-nous\\\/organisation\\\/#breadcrumb\"},\"inLanguage\":\"fr-FR\",\"potentialAction\":[{\"@type\":\"ReadAction\",\"target\":[\"https:\\\/\\\/dynamique-cadres.org\\\/wordpress\\\/qui-sommes-nous\\\/organisation\\\/\"]}]},{\"@type\":\"BreadcrumbList\",\"@id\":\"https:\\\/\\\/dynamique-cadres.org\\\/wordpress\\\/qui-sommes-nous\\\/organisation\\\/#breadcrumb\",\"itemListElement\":[{\"@type\":\"ListItem\",\"position\":1,\"name\":\"Accueil\",\"item\":\"https:\\\/\\\/dynamique-cadres.org\\\/wordpress\\\/\"},{\"@type\":\"ListItem\",\"position\":2,\"name\":\"Qui sommes-nous ?\",\"item\":\"https:\\\/\\\/dynamique-cadres.org\\\/wordpress\\\/qui-sommes-nous\\\/\"},{\"@type\":\"ListItem\",\"position\":3,\"name\":\"Organisation\"}]},{\"@type\":\"WebSite\",\"@id\":\"https:\\\/\\\/dynamique-cadres.org\\\/wordpress\\\/#website\",\"url\":\"https:\\\/\\\/dynamique-cadres.org\\\/wordpress\\\/\",\"name\":\"Dynamique Cadres\",\"description\":\"L&#039;association qui dynamise les cadres !\",\"publisher\":{\"@id\":\"https:\\\/\\\/dynamique-cadres.org\\\/wordpress\\\/#organization\"},\"potentialAction\":[{\"@type\":\"SearchAction\",\"target\":{\"@type\":\"EntryPoint\",\"urlTemplate\":\"https:\\\/\\\/dynamique-cadres.org\\\/wordpress\\\/?s={search_term_string}\"},\"query-input\":{\"@type\":\"PropertyValueSpecification\",\"valueRequired\":true,\"valueName\":\"search_term_string\"}}],\"inLanguage\":\"fr-FR\"},{\"@type\":\"Organization\",\"@id\":\"https:\\\/\\\/dynamique-cadres.org\\\/wordpress\\\/#organization\",\"name\":\"Dynamique Cadres\",\"url\":\"https:\\\/\\\/dynamique-cadres.org\\\/wordpress\\\/\",\"logo\":{\"@type\":\"ImageObject\",\"inLanguage\":\"fr-FR\",\"@id\":\"https:\\\/\\\/dynamique-cadres.org\\\/wordpress\\\/#\\\/schema\\\/logo\\\/image\\\/\",\"url\":\"https:\\\/\\\/adqcghyr.preview.infomaniak.website\\\/wordpress\\\/wp-content\\\/uploads\\\/2017\\\/04\\\/LOGO-hd.png\",\"contentUrl\":\"https:\\\/\\\/adqcghyr.preview.infomaniak.website\\\/wordpress\\\/wp-content\\\/uploads\\\/2017\\\/04\\\/LOGO-hd.png\",\"width\":2157,\"height\":579,\"caption\":\"Dynamique Cadres\"},\"image\":{\"@id\":\"https:\\\/\\\/dynamique-cadres.org\\\/wordpress\\\/#\\\/schema\\\/logo\\\/image\\\/\"},\"sameAs\":[\"https:\\\/\\\/www.facebook.com\\\/profile.php?id=100011741796467\",\"https:\\\/\\\/x.com\\\/Dynamiquecadres\",\"https:\\\/\\\/www.linkedin.com\\\/company-beta\\\/592628\\\/\"]}]}<\/script>\n<!-- \/ Yoast SEO plugin. -->","yoast_head_json":{"title":"Organisation - Dynamique Cadres","description":"L'association faite par pour les cadres en transition professionnelle en les rendant proactifs au sein d'une organisation stimulante bas\u00e9e sur le partage des apports de chacun.","robots":{"index":"index","follow":"follow","max-snippet":"max-snippet:-1","max-image-preview":"max-image-preview:large","max-video-preview":"max-video-preview:-1"},"canonical":"https:\/\/dynamique-cadres.org\/wordpress\/qui-sommes-nous\/organisation\/","og_locale":"fr_FR","og_type":"article","og_title":"Organisation - Dynamique Cadres","og_description":"L'association faite par pour les cadres en transition professionnelle en les rendant proactifs au sein d'une organisation stimulante bas\u00e9e sur le partage des apports de chacun.","og_url":"https:\/\/dynamique-cadres.org\/wordpress\/qui-sommes-nous\/organisation\/","og_site_name":"Dynamique Cadres","article_publisher":"https:\/\/www.facebook.com\/profile.php?id=100011741796467","article_modified_time":"2025-05-22T12:42:16+00:00","og_image":[{"width":601,"height":579,"url":"https:\/\/adqcghyr.preview.infomaniak.website\/wordpress\/wp-content\/uploads\/2017\/04\/picto.png","type":"image\/png"}],"twitter_card":"summary_large_image","twitter_site":"@Dynamiquecadres","twitter_misc":{"Dur\u00e9e de lecture estim\u00e9e":"2 minutes"},"schema":{"@context":"https:\/\/schema.org","@graph":[{"@type":"WebPage","@id":"https:\/\/dynamique-cadres.org\/wordpress\/qui-sommes-nous\/organisation\/","url":"https:\/\/dynamique-cadres.org\/wordpress\/qui-sommes-nous\/organisation\/","name":"Organisation - Dynamique Cadres","isPartOf":{"@id":"https:\/\/dynamique-cadres.org\/wordpress\/#website"},"datePublished":"2017-05-07T10:39:09+00:00","dateModified":"2025-05-22T12:42:16+00:00","description":"L'association faite par pour les cadres en transition professionnelle en les rendant proactifs au sein d'une organisation stimulante bas\u00e9e sur le partage des apports de chacun.","breadcrumb":{"@id":"https:\/\/dynamique-cadres.org\/wordpress\/qui-sommes-nous\/organisation\/#breadcrumb"},"inLanguage":"fr-FR","potentialAction":[{"@type":"ReadAction","target":["https:\/\/dynamique-cadres.org\/wordpress\/qui-sommes-nous\/organisation\/"]}]},{"@type":"BreadcrumbList","@id":"https:\/\/dynamique-cadres.org\/wordpress\/qui-sommes-nous\/organisation\/#breadcrumb","itemListElement":[{"@type":"ListItem","position":1,"name":"Accueil","item":"https:\/\/dynamique-cadres.org\/wordpress\/"},{"@type":"ListItem","position":2,"name":"Qui sommes-nous ?","item":"https:\/\/dynamique-cadres.org\/wordpress\/qui-sommes-nous\/"},{"@type":"ListItem","position":3,"name":"Organisation"}]},{"@type":"WebSite","@id":"https:\/\/dynamique-cadres.org\/wordpress\/#website","url":"https:\/\/dynamique-cadres.org\/wordpress\/","name":"Dynamique Cadres","description":"L&#039;association qui dynamise les cadres !","publisher":{"@id":"https:\/\/dynamique-cadres.org\/wordpress\/#organization"},"potentialAction":[{"@type":"SearchAction","target":{"@type":"EntryPoint","urlTemplate":"https:\/\/dynamique-cadres.org\/wordpress\/?s={search_term_string}"},"query-input":{"@type":"PropertyValueSpecification","valueRequired":true,"valueName":"search_term_string"}}],"inLanguage":"fr-FR"},{"@type":"Organization","@id":"https:\/\/dynamique-cadres.org\/wordpress\/#organization","name":"Dynamique Cadres","url":"https:\/\/dynamique-cadres.org\/wordpress\/","logo":{"@type":"ImageObject","inLanguage":"fr-FR","@id":"https:\/\/dynamique-cadres.org\/wordpress\/#\/schema\/logo\/image\/","url":"https:\/\/adqcghyr.preview.infomaniak.website\/wordpress\/wp-content\/uploads\/2017\/04\/LOGO-hd.png","contentUrl":"https:\/\/adqcghyr.preview.infomaniak.website\/wordpress\/wp-content\/uploads\/2017\/04\/LOGO-hd.png","width":2157,"height":579,"caption":"Dynamique Cadres"},"image":{"@id":"https:\/\/dynamique-cadres.org\/wordpress\/#\/schema\/logo\/image\/"},"sameAs":["https:\/\/www.facebook.com\/profile.php?id=100011741796467","https:\/\/x.com\/Dynamiquecadres","https:\/\/www.linkedin.com\/company-beta\/592628\/"]}]}},"_links":{"self":[{"href":"https:\/\/dynamique-cadres.org\/wordpress\/wp-json\/wp\/v2\/pages\/161","targetHints":{"allow":["GET"]}}],"collection":[{"href":"https:\/\/dynamique-cadres.org\/wordpress\/wp-json\/wp\/v2\/pages"}],"about":[{"href":"https:\/\/dynamique-cadres.org\/wordpress\/wp-json\/wp\/v2\/types\/page"}],"author":[{"embeddable":true,"href":"https:\/\/dynamique-cadres.org\/wordpress\/wp-json\/wp\/v2\/users\/1"}],"replies":[{"embeddable":true,"href":"https:\/\/dynamique-cadres.org\/wordpress\/wp-json\/wp\/v2\/comments?post=161"}],"version-history":[{"count":13,"href":"https:\/\/dynamique-cadres.org\/wordpress\/wp-json\/wp\/v2\/pages\/161\/revisions"}],"predecessor-version":[{"id":3306,"href":"https:\/\/dynamique-cadres.org\/wordpress\/wp-json\/wp\/v2\/pages\/161\/revisions\/3306"}],"up":[{"embeddable":true,"href":"https:\/\/dynamique-cadres.org\/wordpress\/wp-json\/wp\/v2\/pages\/142"}],"wp:attachment":[{"href":"https:\/\/dynamique-cadres.org\/wordpress\/wp-json\/wp\/v2\/media?parent=161"}],"curies":[{"name":"wp","href":"https:\/\/api.w.org\/{rel}","templated":true}]}}